{"id":5225,"date":"2024-05-21T23:58:44","date_gmt":"2024-05-21T23:58:44","guid":{"rendered":"https:\/\/gabirossi.com.br\/?page_id=5225"},"modified":"2024-12-03T19:30:03","modified_gmt":"2024-12-03T19:30:03","slug":"conteudo","status":"publish","type":"page","link":"https:\/\/gabirossi.com.br\/en\/conteudo\/","title":{"rendered":"Conte\u00fado Blog"},"content":{"rendered":"<div data-elementor-type=\"wp-page\" data-elementor-id=\"5225\" class=\"elementor elementor-5225\" data-elementor-post-type=\"page\">\n\t\t\t\t<div class=\"elementor-element elementor-element-97f7c67 e-flex e-con-boxed e-con e-parent\" data-id=\"97f7c67\" data-element_type=\"container\" data-e-type=\"container\">\n\t\t\t\t\t<div class=\"e-con-inner\">\n\t\t\t\t<div class=\"elementor-element elementor-element-ef8dbac elementor-widget elementor-widget-upk-harold-list\" data-id=\"ef8dbac\" data-element_type=\"widget\" data-e-type=\"widget\" data-settings=\"{&quot;upk_in_animation_show&quot;:&quot;yes&quot;}\" data-widget_type=\"upk-harold-list.default\">\n\t\t\t\t<div class=\"elementor-widget-container\">\n\t\t\t\t\t\t\t<div class=\"upk-harold-list upk-ajax-grid\" data-loadmore=\"[]\">\n\t\t\t<div class=\"upk-list-wrap upk-ajax-grid-wrap upk-in-animation\" data-in-animation-delay=\"\">\n\n\t\t\t\t\n\t\t\t\t\t\t\t<div class=\"upk-item\">\n\t\t\t<div class=\"upk-item-box\">\n\t\t\t\t\t\t\t\t\t<div class=\"upk-image-wrap\">\n\t\t\t\t\t\t<img fetchpriority=\"high\" decoding=\"async\" width=\"768\" height=\"768\" src=\"https:\/\/gabirossi.com.br\/wp-content\/uploads\/2025\/01\/Gabi-Churros-768x768.jpg\" class=\"upk-img\" alt=\"Receita: Churros da Catalunha em Gaiola\" srcset=\"https:\/\/gabirossi.com.br\/wp-content\/uploads\/2025\/01\/Gabi-Churros-768x768.jpg 768w, https:\/\/gabirossi.com.br\/wp-content\/uploads\/2025\/01\/Gabi-Churros-300x300.jpg 300w, https:\/\/gabirossi.com.br\/wp-content\/uploads\/2025\/01\/Gabi-Churros-150x150.jpg 150w, https:\/\/gabirossi.com.br\/wp-content\/uploads\/2025\/01\/Gabi-Churros-12x12.jpg 12w, https:\/\/gabirossi.com.br\/wp-content\/uploads\/2025\/01\/Gabi-Churros.jpg 1000w\" sizes=\"(max-width: 768px) 100vw, 768px\" \/>\t\t\t\t\t<\/div>\n\t\t\t\t\t\t\t\t<div class=\"upk-content\">\n\t\t\t\t\t<div>\n\t\t\t\t\t\t\t\t<div class=\"upk-category\">\n\t\t\t<a href=\"https:\/\/gabirossi.com.br\/en\/category\/receitas\/\" \n\t\t\t\t\t\t\taria-label=\"Category Receitas\">RECIPES<\/a>\t\t<\/div>\n\t\t\t\t\t\t\t<h3 class=\"upk-title\"><a href=\"https:\/\/gabirossi.com.br\/en\/receita-churros-da-catalunha-em-gaiola\/\" title=\"Receita: Churros da Catalunha em Gaiola\" class=\"title-animation-underline\" aria-label=\"Receita: Churros da Catalunha em Gaiola\">Receita: Churros da Catalunha em Gaiola<\/a><\/h3>\t\t\t\t\t\t\t\t\t\t\t<\/div>\n\t\t\t\t<\/div>\n\t\t\t<\/div>\n\t\t<\/div>\n\n\t\n\t\t\t\t\n\t\t\t\t\t\t\t<div class=\"upk-item\">\n\t\t\t<div class=\"upk-item-box\">\n\t\t\t\t\t\t\t\t\t<div class=\"upk-image-wrap\">\n\t\t\t\t\t\t<img decoding=\"async\" width=\"768\" height=\"768\" src=\"https:\/\/gabirossi.com.br\/wp-content\/uploads\/2025\/01\/Gabi-Espanha-barco-Quadrado-768x768.jpg\" class=\"upk-img\" alt=\"Navega\u00e7\u00e3o pela Espanha: Vinho do Mar e Copa Am\u00e9rica\" srcset=\"https:\/\/gabirossi.com.br\/wp-content\/uploads\/2025\/01\/Gabi-Espanha-barco-Quadrado-768x768.jpg 768w, https:\/\/gabirossi.com.br\/wp-content\/uploads\/2025\/01\/Gabi-Espanha-barco-Quadrado-300x300.jpg 300w, https:\/\/gabirossi.com.br\/wp-content\/uploads\/2025\/01\/Gabi-Espanha-barco-Quadrado-150x150.jpg 150w, https:\/\/gabirossi.com.br\/wp-content\/uploads\/2025\/01\/Gabi-Espanha-barco-Quadrado-12x12.jpg 12w, https:\/\/gabirossi.com.br\/wp-content\/uploads\/2025\/01\/Gabi-Espanha-barco-Quadrado.jpg 1000w\" sizes=\"(max-width: 768px) 100vw, 768px\" \/>\t\t\t\t\t<\/div>\n\t\t\t\t\t\t\t\t<div class=\"upk-content\">\n\t\t\t\t\t<div>\n\t\t\t\t\t\t\t\t<div class=\"upk-category\">\n\t\t\t<a href=\"https:\/\/gabirossi.com.br\/en\/category\/viagens\/\" \n\t\t\t\t\t\t\taria-label=\"Category Viagens\">Viagens<\/a>\t\t<\/div>\n\t\t\t\t\t\t\t<h3 class=\"upk-title\"><a href=\"https:\/\/gabirossi.com.br\/en\/navegacao-pela-espanha-vinho-do-mar-e-copa-america\/\" title=\"Navega\u00e7\u00e3o pela Espanha: Vinho do Mar e Copa Am\u00e9rica\" class=\"title-animation-underline\" aria-label=\"Navega\u00e7\u00e3o pela Espanha: Vinho do Mar e Copa Am\u00e9rica\">Navega\u00e7\u00e3o pela Espanha: Vinho do Mar e Copa Am\u00e9rica<\/a><\/h3>\t\t\t\t\t\t\t\t\t\t\t<\/div>\n\t\t\t\t<\/div>\n\t\t\t<\/div>\n\t\t<\/div>\n\n\t\n\t\t\t\t\n\t\t\t\t\t\t\t<div class=\"upk-item\">\n\t\t\t<div class=\"upk-item-box\">\n\t\t\t\t\t\t\t\t\t<div class=\"upk-image-wrap\">\n\t\t\t\t\t\t<img decoding=\"async\" width=\"768\" height=\"768\" src=\"https:\/\/gabirossi.com.br\/wp-content\/uploads\/2025\/01\/Gabi-Floresta-Negra-Quadrado-2-768x768.jpg\" class=\"upk-img\" alt=\"Direto da Alemanha: Floresta Negra\" srcset=\"https:\/\/gabirossi.com.br\/wp-content\/uploads\/2025\/01\/Gabi-Floresta-Negra-Quadrado-2-768x768.jpg 768w, https:\/\/gabirossi.com.br\/wp-content\/uploads\/2025\/01\/Gabi-Floresta-Negra-Quadrado-2-300x300.jpg 300w, https:\/\/gabirossi.com.br\/wp-content\/uploads\/2025\/01\/Gabi-Floresta-Negra-Quadrado-2-150x150.jpg 150w, https:\/\/gabirossi.com.br\/wp-content\/uploads\/2025\/01\/Gabi-Floresta-Negra-Quadrado-2-12x12.jpg 12w, https:\/\/gabirossi.com.br\/wp-content\/uploads\/2025\/01\/Gabi-Floresta-Negra-Quadrado-2.jpg 1000w\" sizes=\"(max-width: 768px) 100vw, 768px\" \/>\t\t\t\t\t<\/div>\n\t\t\t\t\t\t\t\t<div class=\"upk-content\">\n\t\t\t\t\t<div>\n\t\t\t\t\t\t\t\t<div class=\"upk-category\">\n\t\t\t<a href=\"https:\/\/gabirossi.com.br\/en\/category\/receitas\/\" \n\t\t\t\t\t\t\taria-label=\"Category Receitas\">RECIPES<\/a>\t\t<\/div>\n\t\t\t\t\t\t\t<h3 class=\"upk-title\"><a href=\"https:\/\/gabirossi.com.br\/en\/direto-da-alemanha-floresta-negra\/\" title=\"Direto da Alemanha: Floresta Negra\" class=\"title-animation-underline\" aria-label=\"Direto da Alemanha: Floresta Negra\">Direto da Alemanha: Floresta Negra<\/a><\/h3>\t\t\t\t\t\t\t\t\t\t\t<\/div>\n\t\t\t\t<\/div>\n\t\t\t<\/div>\n\t\t<\/div>\n\n\t\n\t\t\t\t\n\t\t\t\t\t\t\t<div class=\"upk-item\">\n\t\t\t<div class=\"upk-item-box\">\n\t\t\t\t\t\t\t\t\t<div class=\"upk-image-wrap\">\n\t\t\t\t\t\t<img loading=\"lazy\" decoding=\"async\" width=\"768\" height=\"768\" src=\"https:\/\/gabirossi.com.br\/wp-content\/uploads\/2025\/01\/754D445F-E9F2-4D87-8D31-DEDEA1E775E2-2-768x768.jpg\" class=\"upk-img\" alt=\"Cruzeiro em rios na Alemanha\" srcset=\"https:\/\/gabirossi.com.br\/wp-content\/uploads\/2025\/01\/754D445F-E9F2-4D87-8D31-DEDEA1E775E2-2-768x768.jpg 768w, https:\/\/gabirossi.com.br\/wp-content\/uploads\/2025\/01\/754D445F-E9F2-4D87-8D31-DEDEA1E775E2-2-300x300.jpg 300w, https:\/\/gabirossi.com.br\/wp-content\/uploads\/2025\/01\/754D445F-E9F2-4D87-8D31-DEDEA1E775E2-2-1024x1024.jpg 1024w, https:\/\/gabirossi.com.br\/wp-content\/uploads\/2025\/01\/754D445F-E9F2-4D87-8D31-DEDEA1E775E2-2-150x150.jpg 150w, https:\/\/gabirossi.com.br\/wp-content\/uploads\/2025\/01\/754D445F-E9F2-4D87-8D31-DEDEA1E775E2-2-1536x1536.jpg 1536w, https:\/\/gabirossi.com.br\/wp-content\/uploads\/2025\/01\/754D445F-E9F2-4D87-8D31-DEDEA1E775E2-2-12x12.jpg 12w, https:\/\/gabirossi.com.br\/wp-content\/uploads\/2025\/01\/754D445F-E9F2-4D87-8D31-DEDEA1E775E2-2.jpg 1800w\" sizes=\"(max-width: 768px) 100vw, 768px\" \/>\t\t\t\t\t<\/div>\n\t\t\t\t\t\t\t\t<div class=\"upk-content\">\n\t\t\t\t\t<div>\n\t\t\t\t\t\t\t\t<div class=\"upk-category\">\n\t\t\t<a href=\"https:\/\/gabirossi.com.br\/en\/category\/viagens\/\" \n\t\t\t\t\t\t\taria-label=\"Category Viagens\">Viagens<\/a>\t\t<\/div>\n\t\t\t\t\t\t\t<h3 class=\"upk-title\"><a href=\"https:\/\/gabirossi.com.br\/en\/cruzeiro-em-rios-na-alemanha\/\" title=\"Cruzeiro em rios na Alemanha\" class=\"title-animation-underline\" aria-label=\"Cruzeiro em rios na Alemanha\">Cruzeiro em rios na Alemanha<\/a><\/h3>\t\t\t\t\t\t\t\t\t\t\t<\/div>\n\t\t\t\t<\/div>\n\t\t\t<\/div>\n\t\t<\/div>\n\n\t\n\t\t\t\t\n\t\t\t\t\t\t\t<div class=\"upk-item\">\n\t\t\t<div class=\"upk-item-box\">\n\t\t\t\t\t\t\t\t\t<div class=\"upk-image-wrap\">\n\t\t\t\t\t\t<img loading=\"lazy\" decoding=\"async\" width=\"768\" height=\"768\" src=\"https:\/\/gabirossi.com.br\/wp-content\/uploads\/2024\/12\/Gabi-Peixe-Islandia-quadrado-768x768.jpg\" class=\"upk-img\" alt=\"Peixe Frito Island\u00eas: Receita Viking\" srcset=\"https:\/\/gabirossi.com.br\/wp-content\/uploads\/2024\/12\/Gabi-Peixe-Islandia-quadrado-768x768.jpg 768w, https:\/\/gabirossi.com.br\/wp-content\/uploads\/2024\/12\/Gabi-Peixe-Islandia-quadrado-300x300.jpg 300w, https:\/\/gabirossi.com.br\/wp-content\/uploads\/2024\/12\/Gabi-Peixe-Islandia-quadrado-1024x1024.jpg 1024w, https:\/\/gabirossi.com.br\/wp-content\/uploads\/2024\/12\/Gabi-Peixe-Islandia-quadrado-150x150.jpg 150w, https:\/\/gabirossi.com.br\/wp-content\/uploads\/2024\/12\/Gabi-Peixe-Islandia-quadrado-12x12.jpg 12w, https:\/\/gabirossi.com.br\/wp-content\/uploads\/2024\/12\/Gabi-Peixe-Islandia-quadrado.jpg 1080w\" sizes=\"(max-width: 768px) 100vw, 768px\" \/>\t\t\t\t\t<\/div>\n\t\t\t\t\t\t\t\t<div class=\"upk-content\">\n\t\t\t\t\t<div>\n\t\t\t\t\t\t\t\t<div class=\"upk-category\">\n\t\t\t<a href=\"https:\/\/gabirossi.com.br\/en\/category\/receitas\/\" \n\t\t\t\t\t\t\taria-label=\"Category Receitas\">RECIPES<\/a>\t\t<\/div>\n\t\t\t\t\t\t\t<h3 class=\"upk-title\"><a href=\"https:\/\/gabirossi.com.br\/en\/peixe-frito-islandes-receita-viking\/\" title=\"Peixe Frito Island\u00eas: Receita Viking\" class=\"title-animation-underline\" aria-label=\"Peixe Frito Island\u00eas: Receita Viking\">Peixe Frito Island\u00eas: Receita Viking<\/a><\/h3>\t\t\t\t\t\t\t\t\t\t\t<\/div>\n\t\t\t\t<\/div>\n\t\t\t<\/div>\n\t\t<\/div>\n\n\t\n\t\t\t\t\t\t\t<\/div>\n\t\t<\/div>\n\n\t\t\n\t\t\t\t\t<div class=\"ep-pagination\">\n\t\t\t\t<ul class=\"upk-pagination\" data-widget-id=\"ef8dbac\" data-debug-paged=\"1\" data-debug-max=\"4\" data-debug-is-front=\"no\">\n<li class=\"upk-active\"><a href=\"https:\/\/gabirossi.com.br\/en\/wp-json\/wp\/v2\/pages\/5225\/\">1<\/a><\/li>\n<li><a href=\"https:\/\/gabirossi.com.br\/en\/wp-json\/wp\/v2\/pages\/5225\/page\/2\/\">2<\/a><\/li>\n<li><a href=\"https:\/\/gabirossi.com.br\/en\/wp-json\/wp\/v2\/pages\/5225\/page\/3\/\">3<\/a><\/li>\n<li><a href=\"https:\/\/gabirossi.com.br\/en\/wp-json\/wp\/v2\/pages\/5225\/page\/4\/\">4<\/a><\/li>\n<li class=\"upk-pagination-next\"><a href=\"https:\/\/gabirossi.com.br\/en\/wp-json\/wp\/v2\/pages\/5225\/page\/2\/\" aria-label=\"Next Page\"><span data-upk-pagination-next><i class=\"upk-icon-arrow-right-5\" aria-hidden=\"true\"><\/i><\/span><\/a><\/li>\n<\/ul>\n\t\t\t<\/div>\n\t\t\t\t<\/div>\n\t\t\t\t<\/div>\n\t\t\t\t\t<\/div>\n\t\t\t\t<\/div>\n\t\t\t\t<\/div>","protected":false},"excerpt":{"rendered":"<p>Receitas Receita Indon\u00e9sia: Nasi Goreng (Arroz Frito) Viagens Aqua Blu: Descubra a Indon\u00e9sia a bordo do iate de luxo Viagens Almo\u00e7o em um rio de Elefantes Viagens Ch\u00e1 da Tarde COR-DE-ROSA em Cape Town Viagens Guia de Comidas em Verbier (Su\u00ed\u00e7a) 1 2<\/p>","protected":false},"author":3,"featured_media":0,"parent":0,"menu_order":0,"comment_status":"closed","ping_status":"closed","template":"","meta":{"footnotes":""},"class_list":["post-5225","page","type-page","status-publish","hentry"],"_links":{"self":[{"href":"https:\/\/gabirossi.com.br\/en\/wp-json\/wp\/v2\/pages\/5225","targetHints":{"allow":["GET"]}}],"collection":[{"href":"https:\/\/gabirossi.com.br\/en\/wp-json\/wp\/v2\/pages"}],"about":[{"href":"https:\/\/gabirossi.com.br\/en\/wp-json\/wp\/v2\/types\/page"}],"author":[{"embeddable":true,"href":"https:\/\/gabirossi.com.br\/en\/wp-json\/wp\/v2\/users\/3"}],"replies":[{"embeddable":true,"href":"https:\/\/gabirossi.com.br\/en\/wp-json\/wp\/v2\/comments?post=5225"}],"version-history":[{"count":54,"href":"https:\/\/gabirossi.com.br\/en\/wp-json\/wp\/v2\/pages\/5225\/revisions"}],"predecessor-version":[{"id":5816,"href":"https:\/\/gabirossi.com.br\/en\/wp-json\/wp\/v2\/pages\/5225\/revisions\/5816"}],"wp:attachment":[{"href":"https:\/\/gabirossi.com.br\/en\/wp-json\/wp\/v2\/media?parent=5225"}],"curies":[{"name":"wp","href":"https:\/\/api.w.org\/{rel}","templated":true}]}}