{"id":5460,"date":"2024-08-02T00:21:21","date_gmt":"2024-08-02T00:21:21","guid":{"rendered":"https:\/\/gabirossi.com.br\/?page_id=5460"},"modified":"2024-08-06T20:53:02","modified_gmt":"2024-08-06T20:53:02","slug":"salvevidas","status":"publish","type":"page","link":"https:\/\/gabirossi.com.br\/en\/salvevidas\/","title":{"rendered":"SAVE LIVES"},"content":{"rendered":"<div data-elementor-type=\"wp-page\" data-elementor-id=\"5460\" class=\"elementor elementor-5460\" data-elementor-post-type=\"page\">\n\t\t\t\t\t\t<section class=\"elementor-section elementor-top-section elementor-element elementor-element-4ce6d35d elementor-section-boxed elementor-section-height-default elementor-section-height-default\" data-id=\"4ce6d35d\" data-element_type=\"section\" data-e-type=\"section\" data-settings=\"{&quot;background_background&quot;:&quot;classic&quot;}\">\n\t\t\t\t\t\t<div class=\"elementor-container elementor-column-gap-wider\">\n\t\t\t\t\t<div class=\"elementor-column elementor-col-50 elementor-top-column elementor-element elementor-element-58215c05\" data-id=\"58215c05\" data-element_type=\"column\" data-e-type=\"column\">\n\t\t\t<div class=\"elementor-widget-wrap elementor-element-populated\">\n\t\t\t\t\t\t<div class=\"elementor-element elementor-element-69b5ab6d elementor-widget elementor-widget-heading\" data-id=\"69b5ab6d\" data-element_type=\"widget\" data-e-type=\"widget\" data-widget_type=\"heading.default\">\n\t\t\t\t<div class=\"elementor-widget-container\">\n\t\t\t\t\t<h2 class=\"elementor-heading-title elementor-size-default\">SAVE LIVES<\/h2>\t\t\t\t<\/div>\n\t\t\t\t<\/div>\n\t\t\t\t<div class=\"elementor-element elementor-element-6f9e5a1f elementor-widget elementor-widget-heading\" data-id=\"6f9e5a1f\" data-element_type=\"widget\" data-e-type=\"widget\" data-widget_type=\"heading.default\">\n\t\t\t\t<div class=\"elementor-widget-container\">\n\t\t\t\t\t<h3 class=\"elementor-heading-title elementor-size-default\">RESPONSABILIDADE\nSOCIAL<\/h3>\t\t\t\t<\/div>\n\t\t\t\t<\/div>\n\t\t\t\t<div class=\"elementor-element elementor-element-14854cfe elementor-widget-divider--view-line elementor-widget elementor-widget-divider\" data-id=\"14854cfe\" data-element_type=\"widget\" data-e-type=\"widget\" data-widget_type=\"divider.default\">\n\t\t\t\t<div class=\"elementor-widget-container\">\n\t\t\t\t\t\t\t<div class=\"elementor-divider\">\n\t\t\t<span class=\"elementor-divider-separator\">\n\t\t\t\t\t\t<\/span>\n\t\t<\/div>\n\t\t\t\t\t\t<\/div>\n\t\t\t\t<\/div>\n\t\t\t\t<div class=\"elementor-element elementor-element-c4d58ed elementor-widget elementor-widget-text-editor\" data-id=\"c4d58ed\" data-element_type=\"widget\" data-e-type=\"widget\" data-widget_type=\"text-editor.default\">\n\t\t\t\t<div class=\"elementor-widget-container\">\n\t\t\t\t\t\t\t\t\t<p>A parceria entre a Gabi Rossi e a Ag\u00eancia da ONU para Refugiados, o ACNUR, \u00e9 uma a\u00e7\u00e3o de<br \/>solidariedade em prol de 120 milh\u00f5es de pessoas refugiadas afetadas por guerras, conflitos e o<br \/>efeito devastador de desastres clim\u00e1ticos.<\/p>\t\t\t\t\t\t\t\t<\/div>\n\t\t\t\t<\/div>\n\t\t<div class=\"elementor-element elementor-element-dd0c0fc e-grid e-con-full e-con e-parent\" data-id=\"dd0c0fc\" data-element_type=\"container\" data-e-type=\"container\">\n\t\t\t\t<div class=\"elementor-element elementor-element-cc9b538 elementor-widget elementor-widget-image\" data-id=\"cc9b538\" data-element_type=\"widget\" data-e-type=\"widget\" data-widget_type=\"image.default\">\n\t\t\t\t<div class=\"elementor-widget-container\">\n\t\t\t\t\t\t\t\t\t\t\t\t\t\t\t<img fetchpriority=\"high\" decoding=\"async\" width=\"650\" height=\"210\" src=\"https:\/\/gabirossi.com.br\/wp-content\/uploads\/2024\/08\/Acnur_Logo2PB.png\" class=\"attachment-medium_large size-medium_large wp-image-5494\" alt=\"\" srcset=\"https:\/\/gabirossi.com.br\/wp-content\/uploads\/2024\/08\/Acnur_Logo2PB.png 650w, https:\/\/gabirossi.com.br\/wp-content\/uploads\/2024\/08\/Acnur_Logo2PB-300x97.png 300w, https:\/\/gabirossi.com.br\/wp-content\/uploads\/2024\/08\/Acnur_Logo2PB-18x6.png 18w\" sizes=\"(max-width: 650px) 100vw, 650px\" \/>\t\t\t\t\t\t\t\t\t\t\t\t\t\t\t<\/div>\n\t\t\t\t<\/div>\n\t\t\t\t<div class=\"elementor-element elementor-element-b4f26c2 elementor-widget elementor-widget-image\" data-id=\"b4f26c2\" data-element_type=\"widget\" data-e-type=\"widget\" data-widget_type=\"image.default\">\n\t\t\t\t<div class=\"elementor-widget-container\">\n\t\t\t\t\t\t\t\t\t\t\t\t\t\t\t<img decoding=\"async\" width=\"150\" height=\"150\" src=\"https:\/\/gabirossi.com.br\/wp-content\/uploads\/2024\/08\/Acnur_Nobel2-150x150.png\" class=\"attachment-thumbnail size-thumbnail wp-image-5495\" alt=\"\" srcset=\"https:\/\/gabirossi.com.br\/wp-content\/uploads\/2024\/08\/Acnur_Nobel2-150x150.png 150w, https:\/\/gabirossi.com.br\/wp-content\/uploads\/2024\/08\/Acnur_Nobel2-12x12.png 12w, https:\/\/gabirossi.com.br\/wp-content\/uploads\/2024\/08\/Acnur_Nobel2.png 200w\" sizes=\"(max-width: 150px) 100vw, 150px\" \/>\t\t\t\t\t\t\t\t\t\t\t\t\t\t\t<\/div>\n\t\t\t\t<\/div>\n\t\t\t\t<\/div>\n\t\t\t\t\t<\/div>\n\t\t<\/div>\n\t\t\t\t<div class=\"elementor-column elementor-col-50 elementor-top-column elementor-element elementor-element-673ad46e\" data-id=\"673ad46e\" data-element_type=\"column\" data-e-type=\"column\">\n\t\t\t<div class=\"elementor-widget-wrap elementor-element-populated\">\n\t\t\t\t\t\t<div class=\"elementor-element elementor-element-63f5dcfb elementor-invisible elementor-widget elementor-widget-image\" data-id=\"63f5dcfb\" data-element_type=\"widget\" data-e-type=\"widget\" data-settings=\"{&quot;_animation&quot;:&quot;fadeIn&quot;,&quot;_animation_mobile&quot;:&quot;none&quot;}\" data-widget_type=\"image.default\">\n\t\t\t\t<div class=\"elementor-widget-container\">\n\t\t\t\t\t\t\t\t\t\t\t\t\t\t\t<img decoding=\"async\" width=\"731\" height=\"1024\" src=\"https:\/\/gabirossi.com.br\/wp-content\/uploads\/2024\/07\/home_silde07-731x1024.jpeg\" class=\"attachment-large size-large wp-image-5332\" alt=\"\" srcset=\"https:\/\/gabirossi.com.br\/wp-content\/uploads\/2024\/07\/home_silde07-731x1024.jpeg 731w, https:\/\/gabirossi.com.br\/wp-content\/uploads\/2024\/07\/home_silde07-214x300.jpeg 214w, https:\/\/gabirossi.com.br\/wp-content\/uploads\/2024\/07\/home_silde07-768x1075.jpeg 768w, https:\/\/gabirossi.com.br\/wp-content\/uploads\/2024\/07\/home_silde07-9x12.jpeg 9w, https:\/\/gabirossi.com.br\/wp-content\/uploads\/2024\/07\/home_silde07.jpeg 1000w\" sizes=\"(max-width: 731px) 100vw, 731px\" \/>\t\t\t\t\t\t\t\t\t\t\t\t\t\t\t<\/div>\n\t\t\t\t<\/div>\n\t\t\t\t\t<\/div>\n\t\t<\/div>\n\t\t\t\t\t<\/div>\n\t\t<\/section>\n\t\t\t\t<section class=\"elementor-section elementor-top-section elementor-element elementor-element-117c9c1a elementor-section-full_width elementor-section-height-default elementor-section-height-default\" data-id=\"117c9c1a\" data-element_type=\"section\" data-e-type=\"section\">\n\t\t\t\t\t\t<div class=\"elementor-container elementor-column-gap-narrow\">\n\t\t\t\t\t<div class=\"elementor-column elementor-col-100 elementor-top-column elementor-element elementor-element-11318c32\" data-id=\"11318c32\" data-element_type=\"column\" data-e-type=\"column\">\n\t\t\t<div class=\"elementor-widget-wrap elementor-element-populated\">\n\t\t\t\t\t\t<div class=\"elementor-element elementor-element-5c0135b8 elementor-widget-divider--view-line elementor-widget elementor-widget-divider\" data-id=\"5c0135b8\" data-element_type=\"widget\" data-e-type=\"widget\" data-widget_type=\"divider.default\">\n\t\t\t\t<div class=\"elementor-widget-container\">\n\t\t\t\t\t\t\t<div class=\"elementor-divider\">\n\t\t\t<span class=\"elementor-divider-separator\">\n\t\t\t\t\t\t<\/span>\n\t\t<\/div>\n\t\t\t\t\t\t<\/div>\n\t\t\t\t<\/div>\n\t\t\t\t<div class=\"elementor-element elementor-element-7d066ae6 elementor-widget-divider--view-line elementor-widget elementor-widget-divider\" data-id=\"7d066ae6\" data-element_type=\"widget\" data-e-type=\"widget\" data-widget_type=\"divider.default\">\n\t\t\t\t<div class=\"elementor-widget-container\">\n\t\t\t\t\t\t\t<div class=\"elementor-divider\">\n\t\t\t<span class=\"elementor-divider-separator\">\n\t\t\t\t\t\t<\/span>\n\t\t<\/div>\n\t\t\t\t\t\t<\/div>\n\t\t\t\t<\/div>\n\t\t\t\t\t<\/div>\n\t\t<\/div>\n\t\t\t\t\t<\/div>\n\t\t<\/section>\n\t\t<div class=\"elementor-element elementor-element-f6e080d e-flex e-con-boxed e-con e-parent\" data-id=\"f6e080d\" data-element_type=\"container\" data-e-type=\"container\">\n\t\t\t\t\t<div class=\"e-con-inner\">\n\t\t\t\t<div class=\"elementor-element elementor-element-34d5685 elementor-widget elementor-widget-video\" data-id=\"34d5685\" data-element_type=\"widget\" data-e-type=\"widget\" data-settings=\"{&quot;youtube_url&quot;:&quot;https:\\\/\\\/www.youtube.com\\\/watch?v=5e5LNcKpUck&quot;,&quot;autoplay&quot;:&quot;yes&quot;,&quot;video_type&quot;:&quot;youtube&quot;,&quot;controls&quot;:&quot;yes&quot;}\" data-widget_type=\"video.default\">\n\t\t\t\t<div class=\"elementor-widget-container\">\n\t\t\t\t\t\t\t<div class=\"elementor-wrapper elementor-open-inline\">\n\t\t\t<div class=\"elementor-video\"><\/div>\t\t<\/div>\n\t\t\t\t\t\t<\/div>\n\t\t\t\t<\/div>\n\t\t\t\t\t<\/div>\n\t\t\t\t<\/div>\n\t\t\t\t<section class=\"elementor-section elementor-top-section elementor-element elementor-element-6ae6f06 elementor-section-boxed elementor-section-height-default elementor-section-height-default\" data-id=\"6ae6f06\" data-element_type=\"section\" data-e-type=\"section\">\n\t\t\t\t\t\t<div class=\"elementor-container elementor-column-gap-narrow\">\n\t\t\t\t\t<div class=\"elementor-column elementor-col-25 elementor-top-column elementor-element elementor-element-7aca892\" data-id=\"7aca892\" data-element_type=\"column\" data-e-type=\"column\">\n\t\t\t<div class=\"elementor-widget-wrap elementor-element-populated\">\n\t\t\t\t\t\t<div class=\"elementor-element elementor-element-d431778 elementor-invisible elementor-widget elementor-widget-image\" data-id=\"d431778\" data-element_type=\"widget\" data-e-type=\"widget\" data-settings=\"{&quot;_animation&quot;:&quot;fadeIn&quot;,&quot;_animation_mobile&quot;:&quot;none&quot;}\" data-widget_type=\"image.default\">\n\t\t\t\t<div class=\"elementor-widget-container\">\n\t\t\t\t\t\t\t\t\t\t\t\t\t\t\t\t<a href=\"https:\/\/doar.acnur.org\/page\/ACNURBR\/doe\/sabores-a-bordo?utm_source=instagram&#038;utm_medium=social&#038;utm_campaign=BR_PS_PT_general&#038;utm_content=GabiRossi_QR_Social\">\n\t\t\t\t\t\t\t<img decoding=\"async\" src=\"https:\/\/gabirossi.com.br\/wp-content\/uploads\/elementor\/thumbs\/ACNUR-qs15r6qhtsqj0qu7aowx6ygum8qvuus0g3ct2n7nao.jpg\" title=\"ACNUR\" alt=\"ACNUR\" loading=\"lazy\" \/>\t\t\t\t\t\t\t\t<\/a>\n\t\t\t\t\t\t\t\t\t\t\t\t\t\t\t<\/div>\n\t\t\t\t<\/div>\n\t\t\t\t\t<\/div>\n\t\t<\/div>\n\t\t\t\t<div class=\"elementor-column elementor-col-50 elementor-top-column elementor-element elementor-element-af7c313\" data-id=\"af7c313\" data-element_type=\"column\" data-e-type=\"column\">\n\t\t\t<div class=\"elementor-widget-wrap elementor-element-populated\">\n\t\t\t\t\t\t<div class=\"elementor-element elementor-element-cb49a90 elementor-widget elementor-widget-heading\" data-id=\"cb49a90\" data-element_type=\"widget\" data-e-type=\"widget\" data-widget_type=\"heading.default\">\n\t\t\t\t<div class=\"elementor-widget-container\">\n\t\t\t\t\t<h2 class=\"elementor-heading-title elementor-size-default\">DOE AGORA<\/h2>\t\t\t\t<\/div>\n\t\t\t\t<\/div>\n\t\t\t\t<div class=\"elementor-element elementor-element-bc4b79b elementor-widget elementor-widget-heading\" data-id=\"bc4b79b\" data-element_type=\"widget\" data-e-type=\"widget\" data-widget_type=\"heading.default\">\n\t\t\t\t<div class=\"elementor-widget-container\">\n\t\t\t\t\t<h3 class=\"elementor-heading-title elementor-size-default\">120 MILH\u00d5ES DE REFUGIADOS<\/h3>\t\t\t\t<\/div>\n\t\t\t\t<\/div>\n\t\t\t\t<div class=\"elementor-element elementor-element-d8045cd elementor-widget elementor-widget-text-editor\" data-id=\"d8045cd\" data-element_type=\"widget\" data-e-type=\"widget\" data-widget_type=\"text-editor.default\">\n\t\t\t\t<div class=\"elementor-widget-container\">\n\t\t\t\t\t\t\t\t\t<p style=\"text-align: center;\"><span style=\"color: #bd9966;\">em mais de 135 pa\u00edses<\/span><\/p>\t\t\t\t\t\t\t\t<\/div>\n\t\t\t\t<\/div>\n\t\t\t\t<div class=\"elementor-element elementor-element-d056a13 elementor-widget elementor-widget-text-editor\" data-id=\"d056a13\" data-element_type=\"widget\" data-e-type=\"widget\" data-widget_type=\"text-editor.default\">\n\t\t\t\t<div class=\"elementor-widget-container\">\n\t\t\t\t\t\t\t\t\t<p>Presente em mais de 135 pa\u00edses, o ACNUR entrega ajuda humanit\u00e1ria com itens de primeira necessidade, aux\u00edliofinanceiro e abrigamento de emerg\u00eancia para pessoas refugiadas.Se voc\u00ea decidir ajudar hoje, especialmente com uma doa\u00e7\u00e3o mensal, sua contribui\u00e7\u00e3o garante a seguran\u00e7a e oref\u00fagio para uma fam\u00edlia que foi for\u00e7ada a deixar tudo para tr\u00e1s para sobreviver.Aponte o celular para o QR Code ou clique no bot\u00e3o abaixo.<\/p>\t\t\t\t\t\t\t\t<\/div>\n\t\t\t\t<\/div>\n\t\t\t\t<div class=\"elementor-element elementor-element-487508d elementor-align-center elementor-tablet-align-justify elementor-mobile-align-justify elementor-widget elementor-widget-button\" data-id=\"487508d\" data-element_type=\"widget\" data-e-type=\"widget\" data-widget_type=\"button.default\">\n\t\t\t\t<div class=\"elementor-widget-container\">\n\t\t\t\t\t\t\t\t\t<div class=\"elementor-button-wrapper\">\n\t\t\t\t\t<a class=\"elementor-button elementor-button-link elementor-size-lg\" href=\"https:\/\/doar.acnur.org\/page\/ACNURBR\/doe\/sabores-a-bordo?utm_source=instagram&#038;utm_medium=social&#038;utm_campaign=BR_PS_PT_general&#038;utm_content=GabiRossi_QR_Social\">\n\t\t\t\t\t\t<span class=\"elementor-button-content-wrapper\">\n\t\t\t\t\t\t<span class=\"elementor-button-icon\">\n\t\t\t\t<svg aria-hidden=\"true\" class=\"e-font-icon-svg e-fas-chevron-right\" viewbox=\"0 0 320 512\" xmlns=\"http:\/\/www.w3.org\/2000\/svg\"><path d=\"M285.476 272.971L91.132 467.314c-9.373 9.373-24.569 9.373-33.941 0l-22.667-22.667c-9.357-9.357-9.375-24.522-.04-33.901L188.505 256 34.484 101.255c-9.335-9.379-9.317-24.544.04-33.901l22.667-22.667c9.373-9.373 24.569-9.373 33.941 0L285.475 239.03c9.373 9.372 9.373 24.568.001 33.941z\"><\/path><\/svg>\t\t\t<\/span>\n\t\t\t\t\t\t\t\t\t<span class=\"elementor-button-text\">AJUDE UMA FAM\u00cdLIA<\/span>\n\t\t\t\t\t<\/span>\n\t\t\t\t\t<\/a>\n\t\t\t\t<\/div>\n\t\t\t\t\t\t\t\t<\/div>\n\t\t\t\t<\/div>\n\t\t\t\t\t<\/div>\n\t\t<\/div>\n\t\t\t\t<div class=\"elementor-column elementor-col-25 elementor-top-column elementor-element elementor-element-208d797\" data-id=\"208d797\" data-element_type=\"column\" data-e-type=\"column\">\n\t\t\t<div class=\"elementor-widget-wrap elementor-element-populated\">\n\t\t\t\t\t\t<div class=\"elementor-element elementor-element-87e2add elementor-invisible elementor-widget elementor-widget-image\" data-id=\"87e2add\" data-element_type=\"widget\" data-e-type=\"widget\" data-settings=\"{&quot;_animation&quot;:&quot;fadeIn&quot;,&quot;_animation_mobile&quot;:&quot;none&quot;}\" data-widget_type=\"image.default\">\n\t\t\t\t<div class=\"elementor-widget-container\">\n\t\t\t\t\t\t\t\t\t\t\t\t\t\t\t\t<a href=\"https:\/\/doar.acnur.org\/page\/ACNURBR\/doe\/sabores-a-bordo?utm_source=drtv&#038;utm_medium=direct&#038;utm_campaign=BR_PS_PT_general&#038;utm_content=GabiRossi_QR_TV\">\n\t\t\t\t\t\t\t<img loading=\"lazy\" decoding=\"async\" width=\"656\" height=\"656\" src=\"https:\/\/gabirossi.com.br\/wp-content\/uploads\/2024\/08\/WhatsApp-Image-2024-08-05-at-09.52.22.jpeg\" class=\"attachment-medium_large size-medium_large wp-image-5550\" alt=\"\" srcset=\"https:\/\/gabirossi.com.br\/wp-content\/uploads\/2024\/08\/WhatsApp-Image-2024-08-05-at-09.52.22.jpeg 656w, https:\/\/gabirossi.com.br\/wp-content\/uploads\/2024\/08\/WhatsApp-Image-2024-08-05-at-09.52.22-300x300.jpeg 300w, https:\/\/gabirossi.com.br\/wp-content\/uploads\/2024\/08\/WhatsApp-Image-2024-08-05-at-09.52.22-150x150.jpeg 150w, https:\/\/gabirossi.com.br\/wp-content\/uploads\/2024\/08\/WhatsApp-Image-2024-08-05-at-09.52.22-12x12.jpeg 12w\" sizes=\"(max-width: 656px) 100vw, 656px\" \/>\t\t\t\t\t\t\t\t<\/a>\n\t\t\t\t\t\t\t\t\t\t\t\t\t\t\t<\/div>\n\t\t\t\t<\/div>\n\t\t\t\t\t<\/div>\n\t\t<\/div>\n\t\t\t\t\t<\/div>\n\t\t<\/section>\n\t\t\t\t<\/div>","protected":false},"excerpt":{"rendered":"<p>SALVE VIDAS RESPONSABILIDADE SOCIAL A parceria entre a Gabi Rossi e a Ag\u00eancia da ONU para Refugiados, o ACNUR, \u00e9 uma a\u00e7\u00e3o desolidariedade em prol de 120 milh\u00f5es de pessoas refugiadas afetadas por guerras, conflitos e oefeito devastador de desastres clim\u00e1ticos. DOE AGORA 120 MILH\u00d5ES DE REFUGIADOS em mais de 135 pa\u00edses Presente em mais [&hellip;]<\/p>","protected":false},"author":2,"featured_media":0,"parent":0,"menu_order":0,"comment_status":"closed","ping_status":"closed","template":"elementor_header_footer","meta":{"footnotes":""},"class_list":["post-5460","page","type-page","status-publish","hentry"],"_links":{"self":[{"href":"https:\/\/gabirossi.com.br\/en\/wp-json\/wp\/v2\/pages\/5460","targetHints":{"allow":["GET"]}}],"collection":[{"href":"https:\/\/gabirossi.com.br\/en\/wp-json\/wp\/v2\/pages"}],"about":[{"href":"https:\/\/gabirossi.com.br\/en\/wp-json\/wp\/v2\/types\/page"}],"author":[{"embeddable":true,"href":"https:\/\/gabirossi.com.br\/en\/wp-json\/wp\/v2\/users\/2"}],"replies":[{"embeddable":true,"href":"https:\/\/gabirossi.com.br\/en\/wp-json\/wp\/v2\/comments?post=5460"}],"version-history":[{"count":42,"href":"https:\/\/gabirossi.com.br\/en\/wp-json\/wp\/v2\/pages\/5460\/revisions"}],"predecessor-version":[{"id":5690,"href":"https:\/\/gabirossi.com.br\/en\/wp-json\/wp\/v2\/pages\/5460\/revisions\/5690"}],"wp:attachment":[{"href":"https:\/\/gabirossi.com.br\/en\/wp-json\/wp\/v2\/media?parent=5460"}],"curies":[{"name":"wp","href":"https:\/\/api.w.org\/{rel}","templated":true}]}}